{"id":2974,"date":"2024-03-14T10:41:24","date_gmt":"2024-03-14T09:41:24","guid":{"rendered":"https:\/\/adawswoimczasie.pl\/?page_id=2974"},"modified":"2025-12-05T14:23:01","modified_gmt":"2025-12-05T13:23:01","slug":"regulamin-newslettera","status":"publish","type":"page","link":"https:\/\/adawswoimczasie.pl\/en\/regulamin-newslettera\/","title":{"rendered":"Regulamin Newslettera"},"content":{"rendered":"\t\t<div data-elementor-type=\"wp-page\" data-elementor-id=\"2974\" class=\"elementor elementor-2974\" data-elementor-post-type=\"page\">\n\t\t\t\t\t\t<section class=\"elementor-section elementor-top-section elementor-element elementor-element-79c45a4d elementor-section-boxed elementor-section-height-default elementor-section-height-default\" data-id=\"79c45a4d\" data-element_type=\"section\" data-e-type=\"section\">\n\t\t\t\t\t\t<div class=\"elementor-container elementor-column-gap-default\">\n\t\t\t\t\t<div class=\"elementor-column elementor-col-100 elementor-top-column elementor-element elementor-element-1aca1b7\" data-id=\"1aca1b7\" data-element_type=\"column\" data-e-type=\"column\">\n\t\t\t<div class=\"elementor-widget-wrap elementor-element-populated\">\n\t\t\t\t\t\t<div class=\"elementor-element elementor-element-24e49af1 de_scroll_animation_no elementor-widget elementor-widget-text-editor\" data-id=\"24e49af1\" data-element_type=\"widget\" data-e-type=\"widget\" data-widget_type=\"text-editor.default\">\n\t\t\t\t<div class=\"elementor-widget-container\">\n\t\t\t\t\t\t\t\t\t<p><b>REGULAMIN US\u0141UGI NEWSLETTER<\/b><\/p><p><b>\u00a7 1 Postanowienia og\u00f3lne<\/b><\/p><ol><li>Niniejszy Regulamin us\u0142ugi Newsletter, zwany dalej \u201eRegulaminem\u201d, okre\u015bla zasady \u015bwiadczenia us\u0142ugi cyklicznego dostarczania tre\u015bci drog\u0105 poczty elektronicznej (zwanej dalej \u201eUs\u0142ug\u0105\u201d) przez Us\u0142ugodawc\u0119.<\/li><li>Us\u0142ugodawc\u0105 jest Adriana Mucha, dzia\u0142aj\u0105ca w ramach Fundacji Firma Dla Ka\u017cdego, ul. Lwowska 5\/15, 00-660 Warszawa, NIP: 5252625624, REGON: 362170026, KRS: 0000569410 (dalej r\u00f3wnie\u017c jako \u201eUs\u0142ugodawca\u201d).<\/li><li>Zapis do newslettera, a tym samym zawarcie Umowy wymaga:<\/li><\/ol><p>a) posiadania aktywnego adresu e-mail i jego podania w dedykowanym formularzu na stronie <a href=\"http:\/\/www.akademiashakti.pl\">www.adawswoimczasie.pl<\/a><\/p><p>b) zaznaczenia zgody na otrzymywanie newslettera,<\/p><p>c) zapoznania si\u0119 i zaakceptowania \u201eRegulaminu Newslettera\u201d dost\u0119pnego podczas podawania danych do newslettera i udzielenie zgody na korzystanie z tej us\u0142ugi.<\/p><p>Nie jest konieczne spe\u0142nienie szczeg\u00f3lnych wymaga\u0144 technicznych poza posiadaniem urz\u0105dzenia typu komputer\/smartfon\/tablet\/laptop wyposa\u017conego w standardowy system operacyjny oraz standardow\u0105 przegl\u0105dark\u0105 internetow\u0105.<\/p><p>Odbiorc\u0105 Us\u0142ugi (dalej jako: \u201eUs\u0142ugobiorca\u201d) jest u\u017cytkownik serwisu www.adawswoimczasie.pl , za po\u015brednictwem, kt\u00f3rego Us\u0142ugobiorca zawar\u0142 umow\u0119 na us\u0142ug\u0119 newsletter, wyra\u017caj\u0105c zgod\u0119 na otrzymywanie od Us\u0142ugodawcy wiadomo\u015bci drog\u0105 mailow\u0105, zgodnie z niniejszym Regulaminem.<\/p><p><strong>\u00a7 2 Przedmiot Us\u0142ugi<\/strong><\/p><ol><li>Us\u0142uga polega na cyklicznym przesy\u0142aniu przez Us\u0142ugodawc\u0119 na podany przez Us\u0142ugobiorc\u0119 adres e-mail wiadomo\u015bci zawieraj\u0105cych informacje o nowo\u015bciach, kodach zni\u017ckowych, promocjach, us\u0142ugach oferowanych przez Us\u0142ugodawc\u0119 w sklepie <a href=\"http:\/\/www.adawswoimczasie.pl\">www.adawswoimczasie.pl<\/a> oraz innych informacji dotycz\u0105cych Us\u0142ugodawcy oraz podmiot\u00f3w z nim wsp\u00f3\u0142pracuj\u0105cych, w tym dotycz\u0105cych opinii, konkurs\u00f3w, wydarze\u0144, nowo\u015bci itp.<\/li><li>Us\u0142ugobiorca poprzez zawarcie umowy o \u015bwiadczenie Us\u0142ugi, udost\u0119pnia sw\u00f3j adres poczty elektronicznej (e-mail), podany w formularzu rejestracyjnym, w celu otrzymywania wiadomo\u015bci, o kt\u00f3rych mowa w postanowieniach powy\u017cszych.<\/li><li>Rozpocz\u0119cie \u015bwiadczenia Us\u0142ugi nast\u0105pi po zawarciu pomi\u0119dzy Us\u0142ugodawc\u0105 a Us\u0142ugobiorc\u0105 umowy o korzystanie z us\u0142ugi Newsletter.<\/li><\/ol><p><strong>\u00a7 3 Warunki Us\u0142ugi<\/strong><\/p><ol><li>Us\u0142uga newsletter jest bezp\u0142atna.<\/li><li>Wiadomo\u015bci mailowe w ramach Us\u0142ugi b\u0119d\u0105 wysy\u0142ane w spos\u00f3b nieregularny i zale\u017cny od woli Us\u0142ugodawcy, jak r\u00f3wnie\u017c ze wzgl\u0119du na pojawienie si\u0119 nowych us\u0142ug, produkt\u00f3w lub informacji z zakresu dzia\u0142alno\u015bci Us\u0142ugodawcy.<\/li><li>Korzysta\u0107 z Us\u0142ugi mo\u017ce ka\u017cda osoba, kt\u00f3ra na stronie internetowej w domenie www.adawswoimczasie.pl w dedykowanym formularzu poda sw\u00f3j adres mailowy, a nast\u0119pnie kliknie przycisk \u2013 \u201eZapisz si\u0119\u201d lub przycisk o tym znaczeniu. Klikni\u0119cie wskazanego przycisku jest wyra\u017anym dzia\u0142aniem przyzwalaj\u0105cym na przesy\u0142anie informacji handlowej na wskazany przez Us\u0142ugobiorc\u0119 adres e-mail. Nast\u0119pnie do Us\u0142ugobiorcy jest przesy\u0142ana wiadomo\u015b\u0107 elektroniczna z linkiem do potwierdzenia rejestracji oraz zawieraj\u0105ca Regulamin Newslettera w za\u0142\u0105czonym do wiadomo\u015bci pliku. Potwierdzenie rejestracji przez Us\u0142ugobiorc\u0119 stanowi zawarcie pomi\u0119dzy Us\u0142ugobiorc\u0105 a Us\u0142ugodawc\u0105 umowy o korzystanie z Us\u0142ugi na warunkach okre\u015blonych w niniejszym Regulaminie. Po potwierdzeniu rejestracji nast\u0119puje uruchomienie Us\u0142ugi.<\/li><li>Us\u0142ugobiorca korzystaj\u0105c z Us\u0142ugi zobowi\u0105zany jest od powstrzymania si\u0119 od dostarczania tre\u015bci o charakterze bezprawnym, w szczeg\u00f3lno\u015bci w zakresie podawania cudzych danych bez zgody os\u00f3b uprawnionych.<\/li><li>Wiadomo\u015bci wysy\u0142ane w ramach Us\u0142ugi, stanowi\u0105 utwory w rozumieniu prawa autorskiego i podlegaj\u0105 ochronie okre\u015blonej w przepisach prawa. Jakiekolwiek kopiowanie, modyfikowanie i wykorzystywanie w spos\u00f3b niezgodny z przeznaczeniem lub bez zgody Us\u0142ugodawcy stanowi naruszenie prawa.<\/li><\/ol><p><strong>\u00a7 4 Czas trwania Umowy<\/strong><\/p><p>Umowa o korzystanie z Us\u0142ugi zostaje zawarta na czas nieokre\u015blony.<\/p><p>Us\u0142ugobiorca ma prawo wypowiedzie\u0107 umow\u0119 o korzystanie z Us\u0142ugi w ka\u017cdej chwili poprzez skierowanie do Us\u0142ugodawcy o\u015bwiadczenia w tym przedmiocie, co mo\u017ce zrobi\u0107 poprzez:<br \/>a) skorzystanie z linku rezygnacji z Newslettera, dost\u0119pnym w ka\u017cdej przekazywanej od Us\u0142ugodawcy,<br \/>b) skierowaniu o\u015bwiadczenia o rezygnacji na adres <a href=\"mailto:kontakt@adawswoimczasie.pl\">kontakt@adawswoimczasie.pl<\/a><br \/>c) skierowanie pisemnego o\u015bwiadczenia o rezygnacji na adres korespondencyjny Us\u0142ugodawcy<\/p><p>Wypowiedzenie ma skutek natychmiastowy.<\/p><p>Us\u0142ugodawca mo\u017ce zawiesi\u0107 b\u0105d\u017a zako\u0144czy\u0107 \u015bwiadczenie Us\u0142ugi w ka\u017cdej chwili, po uprzednim poinformowaniu Us\u0142ugobiorc\u00f3w na podane przez nich adresy e-mail.<\/p><p>Us\u0142ugodawca ma prawo do usuni\u0119cia ze swojej bazy nieprawid\u0142owego lub nieistniej\u0105cego adresu e-mail podanego przez Us\u0142ugobiorc\u0119.<\/p><p><strong>\u00a7 5 Dane Osobowe<\/strong><\/p><ol><li>Us\u0142ugodawca jest administratorem danych osobowych Us\u0142ugobiorc\u00f3w przetwarzanych w celu \u015bwiadczenia Us\u0142ugi.<\/li><li>Dane osobowe s\u0105 przetwarzane przez Us\u0142ugodawc\u0119 zgodnie z przepisami prawa oraz wy\u0142\u0105cznie w celach zwi\u0105zanych z realizacj\u0105 Us\u0142ugi (w tym informowania o produktach dost\u0119pnych w ofercie).<\/li><li>Podanie danych osobowych jest dobrowolne, ale konieczne do wykonania Us\u0142ugi.<\/li><li>Zasady zachowania prywatno\u015bci Us\u0142ugobiorcy oraz ochrony jego danych osobowych zosta\u0142y szczeg\u00f3\u0142owo opisane w Polityce Prywatno\u015bci dost\u0119pnej na stronie www.adawswoimczasie.pl, w zak\u0142adce \u201ePolityka Prywatno\u015bci oraz Polityka Cookies\u201d. Polityka Prywatno\u015bci zawiera informacje o tym, jakie dane umo\u017cliwiaj\u0105ce osobist\u0105 identyfikacj\u0119 Us\u0142ugobiorcy mo\u017ce gromadzi\u0107 Us\u0142ugodawca i w jakich celach oraz w jaki spos\u00f3b z takich informacji mo\u017ce korzysta\u0107.<\/li><\/ol><p><strong>\u00a7 6 Reklamacje<\/strong><\/p><ol><li>Reklamacje dotycz\u0105ce Us\u0142ugi mo\u017cna sk\u0142ada\u0107 na adres mailowy <a href=\"mailto:kontakt@adawswoimczasie.pl\">kontakt@adawswoimczasie.pl<\/a> lub w formie pisemnej poczt\u0105 bezpo\u015brednio na adres korespondencyjny Us\u0142ugodawcy.<\/li><li>W reklamacji nale\u017cy poda\u0107 dane osoby zg\u0142aszaj\u0105cej reklamacj\u0119, niezb\u0119dne do przes\u0142ania informacji o wyniku rozpatrzenia reklamacji oraz opis na czym polega\u0142y nieprawid\u0142owo\u015bci w Us\u0142udze. Us\u0142ugobiorca powinien r\u00f3wnie\u017c wskaza\u0107 jakie s\u0105 oczekiwania wobec rozstrzygni\u0119cia reklamacji.<\/li><li>Us\u0142ugodawca rozpatruje reklamacj\u0119 w terminie 14 dni od dnia jej otrzymania.<\/li><li>Us\u0142ugodawca zastrzega sobie prawo do zmiany niniejszego Regulaminu na zasadach okre\u015blonych poni\u017cej. Zmiany b\u0119d\u0105 publikowane w postaci ujednoliconego tekstu Regulaminu na stronie www.adawswoimczasie.pl wraz z informacj\u0105 o dokonanych zmianach. Wszelkie zmiany Regulaminu wchodz\u0105 w \u017cycie w terminie wskazanym ka\u017cdorazowo przez Us\u0142ugodawc\u0119 nie kr\u00f3tszym ni\u017c 7 dni od chwili udost\u0119pnienia na stronie wskazanej w zdaniu poprzednim.<\/li><li>Zmiany Regulaminu nie b\u0119d\u0105 narusza\u0107 praw nabytych ju\u017c przez Us\u0142ugobiorc\u00f3w oraz nie b\u0119d\u0105 pogarsza\u0107 warunk\u00f3w Us\u0142ugi. O zmianie Regulaminu Us\u0142ugobiorca zostanie dodatkowo powiadomiony przez przes\u0142anie informacji o zmianie Regulaminu na adres e-mail wskazany przez Us\u0142ugobiorc\u0119 podczas rejestracji.<\/li><li>Niniejszy Regulamin dost\u0119pny jest nieodp\u0142atnie pod adresem www.adawswoimczasie.pl w zak\u0142adce \u201eRegulamin Newslettera\u201d w formie, kt\u00f3ra umo\u017cliwia pozyskanie, odtwarzanie i utrwalanie tre\u015bci niniejszego Regulaminu za pomoc\u0105 systemu teleinformatycznego, kt\u00f3rym pos\u0142uguje si\u0119 Us\u0142ugobiorca. Utrwalenie, zabezpieczenie i udost\u0119pnienie tre\u015bci umowy dotycz\u0105cej us\u0142ugi Newsletter nast\u0119puje przez przes\u0142anie Us\u0142ugobiorcy Regulaminu na adres poczty elektronicznej podany podczas rejestracji.<\/li><\/ol>\t\t\t\t\t\t\t\t<\/div>\n\t\t\t\t<\/div>\n\t\t\t\t\t<\/div>\n\t\t<\/div>\n\t\t\t\t\t<\/div>\n\t\t<\/section>\n\t\t\t\t<\/div>\n\t\t","protected":false},"excerpt":{"rendered":"<p>REGULAMIN US\u0141UGI NEWSLETTER \u00a7 1 Postanowienia og\u00f3lne Niniejszy Regulamin us\u0142ugi Newsletter, zwany dalej \u201eRegulaminem\u201d, okre\u015bla zasady \u015bwiadczenia us\u0142ugi cyklicznego dostarczania tre\u015bci drog\u0105 poczty elektronicznej (zwanej dalej \u201eUs\u0142ug\u0105\u201d) przez Us\u0142ugodawc\u0119. Us\u0142ugodawc\u0105 jest Adriana Mucha, dzia\u0142aj\u0105ca w ramach Fundacji Firma Dla Ka\u017cdego, ul. Lwowska 5\/15, 00-660 Warszawa, NIP: 5252625624, REGON: 362170026, KRS: 0000569410 (dalej r\u00f3wnie\u017c jako \u201eUs\u0142ugodawca\u201d). [&hellip;]<\/p>\n","protected":false},"author":1,"featured_media":0,"parent":0,"menu_order":0,"comment_status":"closed","ping_status":"closed","template":"elementor_header_footer","meta":{"ocean_post_layout":"","ocean_both_sidebars_style":"","ocean_both_sidebars_content_width":0,"ocean_both_sidebars_sidebars_width":0,"ocean_sidebar":"0","ocean_second_sidebar":"0","ocean_disable_margins":"enable","ocean_add_body_class":"","ocean_shortcode_before_top_bar":"","ocean_shortcode_after_top_bar":"","ocean_shortcode_before_header":"","ocean_shortcode_after_header":"","ocean_has_shortcode":"","ocean_shortcode_after_title":"","ocean_shortcode_before_footer_widgets":"","ocean_shortcode_after_footer_widgets":"","ocean_shortcode_before_footer_bottom":"","ocean_shortcode_after_footer_bottom":"","ocean_display_top_bar":"default","ocean_display_header":"default","ocean_header_style":"","ocean_center_header_left_menu":"0","ocean_custom_header_template":"0","ocean_custom_logo":0,"ocean_custom_retina_logo":0,"ocean_custom_logo_max_width":0,"ocean_custom_logo_tablet_max_width":0,"ocean_custom_logo_mobile_max_width":0,"ocean_custom_logo_max_height":0,"ocean_custom_logo_tablet_max_height":0,"ocean_custom_logo_mobile_max_height":0,"ocean_header_custom_menu":"0","ocean_menu_typo_font_family":"0","ocean_menu_typo_font_subset":"","ocean_menu_typo_font_size":0,"ocean_menu_typo_font_size_tablet":0,"ocean_menu_typo_font_size_mobile":0,"ocean_menu_typo_font_size_unit":"px","ocean_menu_typo_font_weight":"","ocean_menu_typo_font_weight_tablet":"","ocean_menu_typo_font_weight_mobile":"","ocean_menu_typo_transform":"","ocean_menu_typo_transform_tablet":"","ocean_menu_typo_transform_mobile":"","ocean_menu_typo_line_height":0,"ocean_menu_typo_line_height_tablet":0,"ocean_menu_typo_line_height_mobile":0,"ocean_menu_typo_line_height_unit":"","ocean_menu_typo_spacing":0,"ocean_menu_typo_spacing_tablet":0,"ocean_menu_typo_spacing_mobile":0,"ocean_menu_typo_spacing_unit":"","ocean_menu_link_color":"","ocean_menu_link_color_hover":"","ocean_menu_link_color_active":"","ocean_menu_link_background":"","ocean_menu_link_hover_background":"","ocean_menu_link_active_background":"","ocean_menu_social_links_bg":"","ocean_menu_social_hover_links_bg":"","ocean_menu_social_links_color":"","ocean_menu_social_hover_links_color":"","ocean_disable_title":"default","ocean_disable_heading":"default","ocean_post_title":"","ocean_post_subheading":"","ocean_post_title_style":"","ocean_post_title_background_color":"","ocean_post_title_background":0,"ocean_post_title_bg_image_position":"","ocean_post_title_bg_image_attachment":"","ocean_post_title_bg_image_repeat":"","ocean_post_title_bg_image_size":"","ocean_post_title_height":0,"ocean_post_title_bg_overlay":0.5,"ocean_post_title_bg_overlay_color":"","ocean_disable_breadcrumbs":"default","ocean_breadcrumbs_color":"","ocean_breadcrumbs_separator_color":"","ocean_breadcrumbs_links_color":"","ocean_breadcrumbs_links_hover_color":"","ocean_display_footer_widgets":"default","ocean_display_footer_bottom":"default","ocean_custom_footer_template":"0","footnotes":""},"class_list":["post-2974","page","type-page","status-publish","hentry","entry","owp-thumbs-layout-horizontal","owp-btn-normal","owp-tabs-layout-horizontal","has-no-thumbnails","has-product-nav"],"yoast_head":"<!-- This site is optimized with the Yoast SEO plugin v27.4 - https:\/\/yoast.com\/product\/yoast-seo-wordpress\/ -->\n<title>Regulamin Newslettera - W Swoim Czasie<\/title>\n<meta name=\"robots\" content=\"index, follow, max-snippet:-1, max-image-preview:large, max-video-preview:-1\" \/>\n<link rel=\"canonical\" href=\"https:\/\/adawswoimczasie.pl\/en\/regulamin-newslettera\/\" \/>\n<meta property=\"og:locale\" content=\"en_US\" \/>\n<meta property=\"og:type\" content=\"article\" \/>\n<meta property=\"og:title\" content=\"Regulamin Newslettera - W Swoim Czasie\" \/>\n<meta property=\"og:description\" content=\"REGULAMIN US\u0141UGI NEWSLETTER \u00a7 1 Postanowienia og\u00f3lne Niniejszy Regulamin us\u0142ugi Newsletter, zwany dalej \u201eRegulaminem\u201d, okre\u015bla zasady \u015bwiadczenia us\u0142ugi cyklicznego dostarczania tre\u015bci drog\u0105 poczty elektronicznej (zwanej dalej \u201eUs\u0142ug\u0105\u201d) przez Us\u0142ugodawc\u0119. Us\u0142ugodawc\u0105 jest Adriana Mucha, dzia\u0142aj\u0105ca w ramach Fundacji Firma Dla Ka\u017cdego, ul. Lwowska 5\/15, 00-660 Warszawa, NIP: 5252625624, REGON: 362170026, KRS: 0000569410 (dalej r\u00f3wnie\u017c jako \u201eUs\u0142ugodawca\u201d). [&hellip;]\" \/>\n<meta property=\"og:url\" content=\"https:\/\/adawswoimczasie.pl\/en\/regulamin-newslettera\/\" \/>\n<meta property=\"og:site_name\" content=\"W Swoim Czasie\" \/>\n<meta property=\"article:modified_time\" content=\"2025-12-05T13:23:01+00:00\" \/>\n<meta name=\"twitter:card\" content=\"summary_large_image\" \/>\n<meta name=\"twitter:label1\" content=\"Est. reading time\" \/>\n\t<meta name=\"twitter:data1\" content=\"6 minutes\" \/>\n<script type=\"application\/ld+json\" class=\"yoast-schema-graph\">{\"@context\":\"https:\\\/\\\/schema.org\",\"@graph\":[{\"@type\":\"WebPage\",\"@id\":\"https:\\\/\\\/adawswoimczasie.pl\\\/en\\\/regulamin-newslettera\\\/\",\"url\":\"https:\\\/\\\/adawswoimczasie.pl\\\/en\\\/regulamin-newslettera\\\/\",\"name\":\"Regulamin Newslettera - W Swoim Czasie\",\"isPartOf\":{\"@id\":\"https:\\\/\\\/adawswoimczasie.pl\\\/en\\\/#website\"},\"datePublished\":\"2024-03-14T09:41:24+00:00\",\"dateModified\":\"2025-12-05T13:23:01+00:00\",\"breadcrumb\":{\"@id\":\"https:\\\/\\\/adawswoimczasie.pl\\\/en\\\/regulamin-newslettera\\\/#breadcrumb\"},\"inLanguage\":\"en-US\",\"potentialAction\":[{\"@type\":\"ReadAction\",\"target\":[\"https:\\\/\\\/adawswoimczasie.pl\\\/en\\\/regulamin-newslettera\\\/\"]}]},{\"@type\":\"BreadcrumbList\",\"@id\":\"https:\\\/\\\/adawswoimczasie.pl\\\/en\\\/regulamin-newslettera\\\/#breadcrumb\",\"itemListElement\":[{\"@type\":\"ListItem\",\"position\":1,\"name\":\"Strona g\u0142\u00f3wna\",\"item\":\"https:\\\/\\\/adawswoimczasie.pl\\\/en\\\/\"},{\"@type\":\"ListItem\",\"position\":2,\"name\":\"Regulamin Newslettera\"}]},{\"@type\":\"WebSite\",\"@id\":\"https:\\\/\\\/adawswoimczasie.pl\\\/en\\\/#website\",\"url\":\"https:\\\/\\\/adawswoimczasie.pl\\\/en\\\/\",\"name\":\"W Swoim Czasie\",\"description\":\"Wspieram kobiety w rzuceniu etatu i za\u0142o\u017ceniu biznesu z misj\u0105\",\"publisher\":{\"@id\":\"https:\\\/\\\/adawswoimczasie.pl\\\/en\\\/#organization\"},\"potentialAction\":[{\"@type\":\"SearchAction\",\"target\":{\"@type\":\"EntryPoint\",\"urlTemplate\":\"https:\\\/\\\/adawswoimczasie.pl\\\/en\\\/?s={search_term_string}\"},\"query-input\":{\"@type\":\"PropertyValueSpecification\",\"valueRequired\":true,\"valueName\":\"search_term_string\"}}],\"inLanguage\":\"en-US\"},{\"@type\":\"Organization\",\"@id\":\"https:\\\/\\\/adawswoimczasie.pl\\\/en\\\/#organization\",\"name\":\"W Swoim Czasie\",\"url\":\"https:\\\/\\\/adawswoimczasie.pl\\\/en\\\/\",\"logo\":{\"@type\":\"ImageObject\",\"inLanguage\":\"en-US\",\"@id\":\"https:\\\/\\\/adawswoimczasie.pl\\\/en\\\/#\\\/schema\\\/logo\\\/image\\\/\",\"url\":\"https:\\\/\\\/adawswoimczasie.pl\\\/wp-content\\\/uploads\\\/2020\\\/05\\\/cropped-logo-twoje.png\",\"contentUrl\":\"https:\\\/\\\/adawswoimczasie.pl\\\/wp-content\\\/uploads\\\/2020\\\/05\\\/cropped-logo-twoje.png\",\"width\":225,\"height\":53,\"caption\":\"W Swoim Czasie\"},\"image\":{\"@id\":\"https:\\\/\\\/adawswoimczasie.pl\\\/en\\\/#\\\/schema\\\/logo\\\/image\\\/\"}}]}<\/script>\n<!-- \/ Yoast SEO plugin. -->","yoast_head_json":{"title":"Regulamin Newslettera - W Swoim Czasie","robots":{"index":"index","follow":"follow","max-snippet":"max-snippet:-1","max-image-preview":"max-image-preview:large","max-video-preview":"max-video-preview:-1"},"canonical":"https:\/\/adawswoimczasie.pl\/en\/regulamin-newslettera\/","og_locale":"en_US","og_type":"article","og_title":"Regulamin Newslettera - W Swoim Czasie","og_description":"REGULAMIN US\u0141UGI NEWSLETTER \u00a7 1 Postanowienia og\u00f3lne Niniejszy Regulamin us\u0142ugi Newsletter, zwany dalej \u201eRegulaminem\u201d, okre\u015bla zasady \u015bwiadczenia us\u0142ugi cyklicznego dostarczania tre\u015bci drog\u0105 poczty elektronicznej (zwanej dalej \u201eUs\u0142ug\u0105\u201d) przez Us\u0142ugodawc\u0119. Us\u0142ugodawc\u0105 jest Adriana Mucha, dzia\u0142aj\u0105ca w ramach Fundacji Firma Dla Ka\u017cdego, ul. Lwowska 5\/15, 00-660 Warszawa, NIP: 5252625624, REGON: 362170026, KRS: 0000569410 (dalej r\u00f3wnie\u017c jako \u201eUs\u0142ugodawca\u201d). [&hellip;]","og_url":"https:\/\/adawswoimczasie.pl\/en\/regulamin-newslettera\/","og_site_name":"W Swoim Czasie","article_modified_time":"2025-12-05T13:23:01+00:00","twitter_card":"summary_large_image","twitter_misc":{"Est. reading time":"6 minutes"},"schema":{"@context":"https:\/\/schema.org","@graph":[{"@type":"WebPage","@id":"https:\/\/adawswoimczasie.pl\/en\/regulamin-newslettera\/","url":"https:\/\/adawswoimczasie.pl\/en\/regulamin-newslettera\/","name":"Regulamin Newslettera - W Swoim Czasie","isPartOf":{"@id":"https:\/\/adawswoimczasie.pl\/en\/#website"},"datePublished":"2024-03-14T09:41:24+00:00","dateModified":"2025-12-05T13:23:01+00:00","breadcrumb":{"@id":"https:\/\/adawswoimczasie.pl\/en\/regulamin-newslettera\/#breadcrumb"},"inLanguage":"en-US","potentialAction":[{"@type":"ReadAction","target":["https:\/\/adawswoimczasie.pl\/en\/regulamin-newslettera\/"]}]},{"@type":"BreadcrumbList","@id":"https:\/\/adawswoimczasie.pl\/en\/regulamin-newslettera\/#breadcrumb","itemListElement":[{"@type":"ListItem","position":1,"name":"Strona g\u0142\u00f3wna","item":"https:\/\/adawswoimczasie.pl\/en\/"},{"@type":"ListItem","position":2,"name":"Regulamin Newslettera"}]},{"@type":"WebSite","@id":"https:\/\/adawswoimczasie.pl\/en\/#website","url":"https:\/\/adawswoimczasie.pl\/en\/","name":"W Swoim Czasie","description":"Wspieram kobiety w rzuceniu etatu i za\u0142o\u017ceniu biznesu z misj\u0105","publisher":{"@id":"https:\/\/adawswoimczasie.pl\/en\/#organization"},"potentialAction":[{"@type":"SearchAction","target":{"@type":"EntryPoint","urlTemplate":"https:\/\/adawswoimczasie.pl\/en\/?s={search_term_string}"},"query-input":{"@type":"PropertyValueSpecification","valueRequired":true,"valueName":"search_term_string"}}],"inLanguage":"en-US"},{"@type":"Organization","@id":"https:\/\/adawswoimczasie.pl\/en\/#organization","name":"W Swoim Czasie","url":"https:\/\/adawswoimczasie.pl\/en\/","logo":{"@type":"ImageObject","inLanguage":"en-US","@id":"https:\/\/adawswoimczasie.pl\/en\/#\/schema\/logo\/image\/","url":"https:\/\/adawswoimczasie.pl\/wp-content\/uploads\/2020\/05\/cropped-logo-twoje.png","contentUrl":"https:\/\/adawswoimczasie.pl\/wp-content\/uploads\/2020\/05\/cropped-logo-twoje.png","width":225,"height":53,"caption":"W Swoim Czasie"},"image":{"@id":"https:\/\/adawswoimczasie.pl\/en\/#\/schema\/logo\/image\/"}}]}},"_links":{"self":[{"href":"https:\/\/adawswoimczasie.pl\/en\/wp-json\/wp\/v2\/pages\/2974","targetHints":{"allow":["GET"]}}],"collection":[{"href":"https:\/\/adawswoimczasie.pl\/en\/wp-json\/wp\/v2\/pages"}],"about":[{"href":"https:\/\/adawswoimczasie.pl\/en\/wp-json\/wp\/v2\/types\/page"}],"author":[{"embeddable":true,"href":"https:\/\/adawswoimczasie.pl\/en\/wp-json\/wp\/v2\/users\/1"}],"replies":[{"embeddable":true,"href":"https:\/\/adawswoimczasie.pl\/en\/wp-json\/wp\/v2\/comments?post=2974"}],"version-history":[{"count":13,"href":"https:\/\/adawswoimczasie.pl\/en\/wp-json\/wp\/v2\/pages\/2974\/revisions"}],"predecessor-version":[{"id":3763,"href":"https:\/\/adawswoimczasie.pl\/en\/wp-json\/wp\/v2\/pages\/2974\/revisions\/3763"}],"wp:attachment":[{"href":"https:\/\/adawswoimczasie.pl\/en\/wp-json\/wp\/v2\/media?parent=2974"}],"curies":[{"name":"wp","href":"https:\/\/api.w.org\/{rel}","templated":true}]}}